{"id":173,"date":"2018-08-02T14:45:08","date_gmt":"2018-08-02T14:45:08","guid":{"rendered":"http:\/\/themenectar.com\/demo\/salient-ecommerce-ultimate\/?page_id=173"},"modified":"2023-08-05T11:27:09","modified_gmt":"2023-08-05T11:27:09","slug":"apie","status":"publish","type":"page","link":"https:\/\/gentletrip.lt\/en\/apie\/","title":{"rendered":"About us"},"content":{"rendered":"<div id=\"discover\"  data-column-margin=\"default\" data-midnight=\"dark\" data-top-percent=\"7%\"  class=\"wpb_row vc_row-fluid vc_row full-width-section vc_row-o-equal-height vc_row-flex vc_row-o-content-middle\"  style=\"padding-top: calc(100vw * 0.07); padding-bottom: 0px; \"><div class=\"row-bg-wrap\" data-bg-animation=\"none\" data-bg-overlay=\"false\"><div class=\"inner-wrap\"><div class=\"row-bg viewport-desktop using-bg-color\"  style=\"background-color: #ffffff; \"><\/div><\/div><\/div><div class=\"row_col_wrap_12 col span_12 dark left\">\n\t<div  class=\"vc_col-sm-12 wpb_column column_container vc_column_container col centered-text no-extra-padding inherit_tablet inherit_phone\"  data-padding-pos=\"all\" data-has-bg-color=\"false\" data-bg-color=\"\" data-bg-opacity=\"1\" data-animation=\"\" data-delay=\"0\" >\n\t\t<div class=\"vc_column-inner\" >\n\t\t\t<div class=\"wpb_wrapper\">\n\t\t\t\t<h2 style=\"font-size: 40px;line-height: 50px;text-align: center\" class=\"vc_custom_heading\" >Discover a new culture of calm<\/h2><div class=\"divider-wrap\" data-alignment=\"default\"><div style=\"height: 50px;\" class=\"divider\"><\/div><\/div>\n<div class=\"wpb_text_column wpb_content_element\" style=\" max-width: 1000px; display: inline-block;\">\n\t<div class=\"wpb_wrapper\">\n\t\t<p style=\"text-align: justify;\">The harmony of body and mind, all-round balance and inner peace. These are not just\nwords, they mean a state that a person should be in not only after a weekend or a holiday,\nbut rather every day.<\/p>\n<div style=\"float: left; margin-right: 20px;\"><img loading=\"lazy\" decoding=\"async\" class=\"imageris alignleft wp-image-6092\" src=\"https:\/\/gentletrip.lt\/wp-content\/uploads\/2023\/05\/GentleTrip014-300x300.jpg\" alt=\"\" width=\"350\" height=\"350\" srcset=\"https:\/\/gentletrip.lt\/wp-content\/uploads\/2023\/05\/GentleTrip014-300x300.jpg 300w, https:\/\/gentletrip.lt\/wp-content\/uploads\/2023\/05\/GentleTrip014-1024x1024.jpg 1024w, https:\/\/gentletrip.lt\/wp-content\/uploads\/2023\/05\/GentleTrip014-150x150.jpg 150w, https:\/\/gentletrip.lt\/wp-content\/uploads\/2023\/05\/GentleTrip014-768x768.jpg 768w, https:\/\/gentletrip.lt\/wp-content\/uploads\/2023\/05\/GentleTrip014-1536x1536.jpg 1536w, https:\/\/gentletrip.lt\/wp-content\/uploads\/2023\/05\/GentleTrip014-2048x2048.jpg 2048w, https:\/\/gentletrip.lt\/wp-content\/uploads\/2023\/05\/GentleTrip014-100x100.jpg 100w, https:\/\/gentletrip.lt\/wp-content\/uploads\/2023\/05\/GentleTrip014-140x140.jpg 140w, https:\/\/gentletrip.lt\/wp-content\/uploads\/2023\/05\/GentleTrip014-500x500.jpg 500w, https:\/\/gentletrip.lt\/wp-content\/uploads\/2023\/05\/GentleTrip014-350x350.jpg 350w, https:\/\/gentletrip.lt\/wp-content\/uploads\/2023\/05\/GentleTrip014-1000x1000.jpg 1000w, https:\/\/gentletrip.lt\/wp-content\/uploads\/2023\/05\/GentleTrip014-800x800.jpg 800w, https:\/\/gentletrip.lt\/wp-content\/uploads\/2023\/05\/GentleTrip014-600x600.jpg 600w\" sizes=\"(max-width: 350px) 100vw, 350px\" \/><\/div>\n<p style=\"text-align: justify;\">Led by an aim to guide us all towards achieving that, we created Gentle Trip \u2014 a trip that will allow you to discover the new culture of calm. Destructive ways of relaxation, which are also harmful for your health and everyday wellbeing don\u2019t exist in this culture. Here, calmness is reached by using natural cannabis and CBD products \u2014 a pleasant ritual that helps you to connect with nature, reduce anxiety and tension as well as eliminate stress.<\/p>\n<p style=\"text-align: justify;\">Everyone who is tired of the noise and seeking for a reliable way to rest will be warmly welcomed by Gentle Trip team here \u2014 in the space, which your journey will start from. We will answer all of your questions as well as advice and support you during your discovery of the new culture of calm.<\/p>\n\t<\/div>\n<\/div>\n\n\n\n\n\t\t\t<\/div> \n\t\t<\/div>\n\t<\/div> \n<\/div><\/div>","protected":false},"excerpt":{"rendered":"Atraskite nauj\u0105 ramyb\u0117s kult\u016br\u0105 Min\u010di\u0173 ir k\u016bno harmonija, visapusi\u0161kas balansas ir vidin\u0117 ramyb\u0117. Tai n\u0117ra tik \u017eod\u017eiai, tai \u2014 b\u016bsena, kuri\u0105 \u017emogus tur\u0117t\u0173 jausti ne...","protected":false},"author":1,"featured_media":0,"parent":0,"menu_order":0,"comment_status":"closed","ping_status":"closed","template":"","meta":{"footnotes":""},"yoast_head":"<!-- This site is optimized with the Yoast SEO plugin v22.1 - https:\/\/yoast.com\/wordpress\/plugins\/seo\/ -->\n<title>Apie mus - GentleTrip.lt<\/title>\n<meta name=\"robots\" content=\"index, follow, max-snippet:-1, max-image-preview:large, max-video-preview:-1\" \/>\n<link rel=\"canonical\" href=\"https:\/\/gentletrip.lt\/en\/apie\/\" \/>\n<meta property=\"og:locale\" content=\"en_US\" \/>\n<meta property=\"og:type\" content=\"article\" \/>\n<meta property=\"og:title\" content=\"Apie mus - GentleTrip.lt\" \/>\n<meta property=\"og:url\" content=\"https:\/\/gentletrip.lt\/en\/apie\/\" \/>\n<meta property=\"og:site_name\" content=\"GentleTrip.lt\" \/>\n<meta property=\"article:modified_time\" content=\"2023-08-05T11:27:09+00:00\" \/>\n<meta property=\"og:image\" content=\"https:\/\/gentletrip.lt\/wp-content\/uploads\/2023\/05\/GentleTrip014-300x300.jpg\" \/>\n<meta name=\"twitter:card\" content=\"summary_large_image\" \/>\n<meta name=\"twitter:label1\" content=\"Est. reading time\" \/>\n\t<meta name=\"twitter:data1\" content=\"7 minutes\" \/>\n<script type=\"application\/ld+json\" class=\"yoast-schema-graph\">{\"@context\":\"https:\/\/schema.org\",\"@graph\":[{\"@type\":\"WebPage\",\"@id\":\"https:\/\/gentletrip.lt\/apie\/\",\"url\":\"https:\/\/gentletrip.lt\/apie\/\",\"name\":\"Apie mus - GentleTrip.lt\",\"isPartOf\":{\"@id\":\"https:\/\/gentletrip.lt\/#website\"},\"datePublished\":\"2018-08-02T14:45:08+00:00\",\"dateModified\":\"2023-08-05T11:27:09+00:00\",\"breadcrumb\":{\"@id\":\"https:\/\/gentletrip.lt\/apie\/#breadcrumb\"},\"inLanguage\":\"en-US\",\"potentialAction\":[{\"@type\":\"ReadAction\",\"target\":[\"https:\/\/gentletrip.lt\/apie\/\"]}]},{\"@type\":\"BreadcrumbList\",\"@id\":\"https:\/\/gentletrip.lt\/apie\/#breadcrumb\",\"itemListElement\":[{\"@type\":\"ListItem\",\"position\":1,\"name\":\"Home\",\"item\":\"https:\/\/gentletrip.lt\/\"},{\"@type\":\"ListItem\",\"position\":2,\"name\":\"Apie mus\"}]},{\"@type\":\"WebSite\",\"@id\":\"https:\/\/gentletrip.lt\/#website\",\"url\":\"https:\/\/gentletrip.lt\/\",\"name\":\"GentleTrip.lt\",\"description\":\"CBD guminukai\",\"potentialAction\":[{\"@type\":\"SearchAction\",\"target\":{\"@type\":\"EntryPoint\",\"urlTemplate\":\"https:\/\/gentletrip.lt\/?s={search_term_string}\"},\"query-input\":\"required name=search_term_string\"}],\"inLanguage\":\"en-US\"}]}<\/script>\n<!-- \/ Yoast SEO plugin. -->","yoast_head_json":{"title":"Apie mus - GentleTrip.lt","robots":{"index":"index","follow":"follow","max-snippet":"max-snippet:-1","max-image-preview":"max-image-preview:large","max-video-preview":"max-video-preview:-1"},"canonical":"https:\/\/gentletrip.lt\/en\/apie\/","og_locale":"en_US","og_type":"article","og_title":"Apie mus - GentleTrip.lt","og_url":"https:\/\/gentletrip.lt\/en\/apie\/","og_site_name":"GentleTrip.lt","article_modified_time":"2023-08-05T11:27:09+00:00","og_image":[{"url":"https:\/\/gentletrip.lt\/wp-content\/uploads\/2023\/05\/GentleTrip014-300x300.jpg"}],"twitter_card":"summary_large_image","twitter_misc":{"Est. reading time":"7 minutes"},"schema":{"@context":"https:\/\/schema.org","@graph":[{"@type":"WebPage","@id":"https:\/\/gentletrip.lt\/apie\/","url":"https:\/\/gentletrip.lt\/apie\/","name":"Apie mus - GentleTrip.lt","isPartOf":{"@id":"https:\/\/gentletrip.lt\/#website"},"datePublished":"2018-08-02T14:45:08+00:00","dateModified":"2023-08-05T11:27:09+00:00","breadcrumb":{"@id":"https:\/\/gentletrip.lt\/apie\/#breadcrumb"},"inLanguage":"en-US","potentialAction":[{"@type":"ReadAction","target":["https:\/\/gentletrip.lt\/apie\/"]}]},{"@type":"BreadcrumbList","@id":"https:\/\/gentletrip.lt\/apie\/#breadcrumb","itemListElement":[{"@type":"ListItem","position":1,"name":"Home","item":"https:\/\/gentletrip.lt\/"},{"@type":"ListItem","position":2,"name":"Apie mus"}]},{"@type":"WebSite","@id":"https:\/\/gentletrip.lt\/#website","url":"https:\/\/gentletrip.lt\/","name":"GentleTrip.lt","description":"CBD guminukai","potentialAction":[{"@type":"SearchAction","target":{"@type":"EntryPoint","urlTemplate":"https:\/\/gentletrip.lt\/?s={search_term_string}"},"query-input":"required name=search_term_string"}],"inLanguage":"en-US"}]}},"jetpack_sharing_enabled":true,"_links":{"self":[{"href":"https:\/\/gentletrip.lt\/en\/wp-json\/wp\/v2\/pages\/173"}],"collection":[{"href":"https:\/\/gentletrip.lt\/en\/wp-json\/wp\/v2\/pages"}],"about":[{"href":"https:\/\/gentletrip.lt\/en\/wp-json\/wp\/v2\/types\/page"}],"author":[{"embeddable":true,"href":"https:\/\/gentletrip.lt\/en\/wp-json\/wp\/v2\/users\/1"}],"replies":[{"embeddable":true,"href":"https:\/\/gentletrip.lt\/en\/wp-json\/wp\/v2\/comments?post=173"}],"version-history":[{"count":25,"href":"https:\/\/gentletrip.lt\/en\/wp-json\/wp\/v2\/pages\/173\/revisions"}],"predecessor-version":[{"id":6125,"href":"https:\/\/gentletrip.lt\/en\/wp-json\/wp\/v2\/pages\/173\/revisions\/6125"}],"wp:attachment":[{"href":"https:\/\/gentletrip.lt\/en\/wp-json\/wp\/v2\/media?parent=173"}],"curies":[{"name":"wp","href":"https:\/\/api.w.org\/{rel}","templated":true}]}}