{"id":177,"date":"2018-08-02T14:45:41","date_gmt":"2018-08-02T14:45:41","guid":{"rendered":"http:\/\/themenectar.com\/demo\/salient-ecommerce-ultimate\/?page_id=177"},"modified":"2023-08-05T11:22:57","modified_gmt":"2023-08-05T11:22:57","slug":"susisiekite","status":"publish","type":"page","link":"https:\/\/gentletrip.lt\/en\/susisiekite\/","title":{"rendered":"Contact"},"content":{"rendered":"<div id=\"fws_69fb3c4240a9b\"  data-column-margin=\"default\" data-midnight=\"dark\"  class=\"wpb_row vc_row-fluid vc_row vc_row-o-equal-height vc_row-flex vc_row-o-content-middle\"  style=\"padding-top: 0px; padding-bottom: 0px; \"><div class=\"row-bg-wrap\" data-bg-animation=\"none\" data-bg-overlay=\"false\"><div class=\"inner-wrap\"><div class=\"row-bg viewport-desktop using-bg-color\"  style=\"background-color: #ffffff; \"><\/div><\/div><\/div><div class=\"row_col_wrap_12 col span_12 dark left\">\n\t<div  class=\"vc_col-sm-6 wpb_column column_container vc_column_container col padding-5-percent inherit_tablet inherit_phone\"  data-padding-pos=\"bottom-right\" data-has-bg-color=\"false\" data-bg-color=\"\" data-bg-opacity=\"1\" data-animation=\"\" data-delay=\"0\" >\n\t\t<div class=\"vc_column-inner\" >\n\t\t\t<div class=\"wpb_wrapper\">\n\t\t\t\t<div id=\"fws_69fb3c42418aa\" data-midnight=\"\" data-column-margin=\"default\" class=\"wpb_row vc_row-fluid vc_row inner_row\"  style=\"\"><div class=\"row-bg-wrap\"> <div class=\"row-bg\" ><\/div> <\/div><div class=\"row_col_wrap_12_inner col span_12  left\">\n\t<div  class=\"vc_col-sm-12 wpb_column column_container vc_column_container col child_column no-extra-padding inherit_tablet inherit_phone\"   data-padding-pos=\"all\" data-has-bg-color=\"false\" data-bg-color=\"\" data-bg-opacity=\"1\" data-animation=\"\" data-delay=\"0\" >\n\t\t<div class=\"vc_column-inner\" >\n\t\t<div class=\"wpb_wrapper\">\n\t\t\t<div class=\"nectar-split-heading\" data-align=\"default\" data-m-align=\"inherit\" data-text-effect=\"default\" data-animation-type=\"line-reveal-by-space\" data-animation-delay=\"0\" data-animation-offset=\"\" data-m-rm-animation=\"\" data-stagger=\"\" data-custom-font-size=\"false\" ><h3 >Turite klausim\u0173 ar pasteb\u0117jim\u0173? Lauksime J\u016bs\u0173 \u017einut\u0117s!<\/h3><\/div>\n\t\t<\/div> \n\t<\/div>\n\t<\/div> \n<\/div><\/div>\n<div class=\"wpcf7 no-js\" id=\"wpcf7-f5987-o1\" lang=\"lt-LT\" dir=\"ltr\">\n<div class=\"screen-reader-response\"><p role=\"status\" aria-live=\"polite\" aria-atomic=\"true\"><\/p> <ul><\/ul><\/div>\n<form action=\"\/en\/wp-json\/wp\/v2\/pages\/177#wpcf7-f5987-o1\" method=\"post\" class=\"wpcf7-form init\" aria-label=\"Kontakt\u0173 forma\" novalidate=\"novalidate\" data-status=\"init\" data-trp-original-action=\"\/en\/wp-json\/wp\/v2\/pages\/177#wpcf7-f5987-o1\">\n<div style=\"display: none;\">\n<input type=\"hidden\" name=\"_wpcf7\" value=\"5987\" \/>\n<input type=\"hidden\" name=\"_wpcf7_version\" value=\"5.8.7\" \/>\n<input type=\"hidden\" name=\"_wpcf7_locale\" value=\"lt_LT\" \/>\n<input type=\"hidden\" name=\"_wpcf7_unit_tag\" value=\"wpcf7-f5987-o1\" \/>\n<input type=\"hidden\" name=\"_wpcf7_container_post\" value=\"0\" \/>\n<input type=\"hidden\" name=\"_wpcf7_posted_data_hash\" value=\"\" \/>\n<\/div>\n<p><label> Your name<br \/>\n<span class=\"wpcf7-form-control-wrap\" data-name=\"your-name\"><input size=\"40\" class=\"wpcf7-form-control wpcf7-text wpcf7-validates-as-required\" autocomplete=\"name\" aria-required=\"true\" aria-invalid=\"false\" value=\"\" type=\"text\" name=\"your-name\" \/><\/span> <\/label>\n<\/p>\n<p><label> Your email address<br \/>\n<span class=\"wpcf7-form-control-wrap\" data-name=\"your-email\"><input size=\"40\" class=\"wpcf7-form-control wpcf7-email wpcf7-validates-as-required wpcf7-text wpcf7-validates-as-email\" autocomplete=\"email\" aria-required=\"true\" aria-invalid=\"false\" value=\"\" type=\"email\" name=\"your-email\" \/><\/span> <\/label>\n<\/p>\n<p><label> Subject<br \/>\n<span class=\"wpcf7-form-control-wrap\" data-name=\"your-subject\"><input size=\"40\" class=\"wpcf7-form-control wpcf7-text wpcf7-validates-as-required\" aria-required=\"true\" aria-invalid=\"false\" value=\"\" type=\"text\" name=\"your-subject\" \/><\/span> <\/label>\n<\/p>\n<p><label> Your message<br \/>\n<span class=\"wpcf7-form-control-wrap\" data-name=\"your-message\"><textarea cols=\"40\" rows=\"10\" class=\"wpcf7-form-control wpcf7-textarea\" aria-invalid=\"false\" name=\"your-message\"><\/textarea><\/span> <\/label>\n<\/p>\n<p><input class=\"wpcf7-form-control wpcf7-submit has-spinner\" type=\"submit\" value=\"Submit\" \/>\n<\/p><p style=\"display: none !important;\" class=\"akismet-fields-container\" data-prefix=\"_wpcf7_ak_\"><label>&#916;<textarea name=\"_wpcf7_ak_hp_textarea\" cols=\"45\" rows=\"8\" maxlength=\"100\"><\/textarea><\/label><input type=\"hidden\" id=\"ak_js_1\" name=\"_wpcf7_ak_js\" value=\"118\"\/><script>document.getElementById( \"ak_js_1\" ).setAttribute( \"value\", ( new Date() ).getTime() );<\/script><\/p><div class=\"wpcf7-response-output\" aria-hidden=\"true\"><\/div>\n<input type=\"hidden\" name=\"trp-form-language\" value=\"en\"\/><\/form>\n<\/div>\n\n\t\t\t<\/div> \n\t\t<\/div>\n\t<\/div> \n\n\t<div style=\"\" class=\"vc_col-sm-6 wpb_column column_container vc_column_container col no-extra-padding inherit_tablet inherit_phone\" data-using-bg=\"true\" data-border-radius=\"3px\" data-padding-pos=\"all\" data-has-bg-color=\"true\" data-bg-color=\"#ffffff\" data-bg-opacity=\"1\" data-hover-bg=\"#ffffff\" data-hover-bg-opacity=\"1\" data-animation=\"\" data-delay=\"0\" >\n\t\t<div class=\"vc_column-inner\" ><div class=\"column-bg-overlay-wrap column-bg-layer\" data-bg-animation=\"none\"><div class=\"column-bg-overlay\" style=\"opacity: 1; background-color: #ffffff;\"><\/div><\/div>\n\t\t\t<div class=\"wpb_wrapper\">\n\t\t\t\t<div class=\"img-with-aniamtion-wrap  custom-size\" data-max-width=\"100%\" data-max-width-mobile=\"default\" data-shadow=\"none\" data-animation=\"fade-in\" >\n      <div class=\"inner\">\n        <div class=\"hover-wrap\"> \n          <div class=\"hover-wrap-inner\">\n            <img loading=\"lazy\" decoding=\"async\" class=\"img-with-animation skip-lazy\" data-delay=\"0\" height=\"768\" width=\"768\" data-animation=\"fade-in\" src=\"https:\/\/gentletrip.lt\/wp-content\/uploads\/2023\/07\/GentleTrip034-1-768x768.jpg\" alt=\"\" srcset=\"https:\/\/gentletrip.lt\/wp-content\/uploads\/2023\/07\/GentleTrip034-1-768x768.jpg 768w, https:\/\/gentletrip.lt\/wp-content\/uploads\/2023\/07\/GentleTrip034-1-300x300.jpg 300w, https:\/\/gentletrip.lt\/wp-content\/uploads\/2023\/07\/GentleTrip034-1-1024x1024.jpg 1024w, https:\/\/gentletrip.lt\/wp-content\/uploads\/2023\/07\/GentleTrip034-1-150x150.jpg 150w, https:\/\/gentletrip.lt\/wp-content\/uploads\/2023\/07\/GentleTrip034-1-1536x1536.jpg 1536w, https:\/\/gentletrip.lt\/wp-content\/uploads\/2023\/07\/GentleTrip034-1-100x100.jpg 100w, https:\/\/gentletrip.lt\/wp-content\/uploads\/2023\/07\/GentleTrip034-1-140x140.jpg 140w, https:\/\/gentletrip.lt\/wp-content\/uploads\/2023\/07\/GentleTrip034-1-500x500.jpg 500w, https:\/\/gentletrip.lt\/wp-content\/uploads\/2023\/07\/GentleTrip034-1-350x350.jpg 350w, https:\/\/gentletrip.lt\/wp-content\/uploads\/2023\/07\/GentleTrip034-1-1000x1000.jpg 1000w, https:\/\/gentletrip.lt\/wp-content\/uploads\/2023\/07\/GentleTrip034-1-800x800.jpg 800w, https:\/\/gentletrip.lt\/wp-content\/uploads\/2023\/07\/GentleTrip034-1-600x600.jpg 600w, https:\/\/gentletrip.lt\/wp-content\/uploads\/2023\/07\/GentleTrip034-1.jpg 1800w\" sizes=\"(max-width: 768px) 100vw, 768px\" \/>\n          <\/div>\n        <\/div>\n      <\/div>\n    <\/div>\n\t\t\t<\/div> \n\t\t<\/div>\n\t<\/div> \n<\/div><\/div>\n\t\t<div id=\"fws_69fb3c424e8ab\"  data-column-margin=\"default\" data-midnight=\"light\" data-top-percent=\"5%\" data-bottom-percent=\"5%\"  class=\"wpb_row vc_row-fluid vc_row full-width-section\"  style=\"padding-top: calc(100vw * 0.05); padding-bottom: calc(100vw * 0.05); \"><div class=\"row-bg-wrap\" data-bg-animation=\"none\" data-bg-overlay=\"false\"><div class=\"inner-wrap\"><div class=\"row-bg viewport-desktop using-bg-color\"  style=\"background-color: #ffffff; \"><\/div><\/div><\/div><div class=\"row_col_wrap_12 col span_12 light left\">\n\t<div  class=\"vc_col-sm-12 wpb_column column_container vc_column_container col no-extra-padding inherit_tablet inherit_phone\"  data-padding-pos=\"all\" data-has-bg-color=\"false\" data-bg-color=\"\" data-bg-opacity=\"1\" data-animation=\"\" data-delay=\"0\" >\n\t\t<div class=\"vc_column-inner\" >\n\t\t\t<div class=\"wpb_wrapper\">\n\t\t\t\t\n\t<div class=\"wpb_raw_code wpb_content_element wpb_raw_html\" >\n\t\t<div class=\"wpb_wrapper\">\n\t\t\t<div id='mapouter' style='position:relative;text-align:center;width:100%; height:500px;'><div style='overflow:hidden;background:none!important;width:100%; height:500px;' id='gmap_canvasid'><iframe style='width:100%; height:500px;' id='gmap_canvas' src='https:\/\/maps.google.com\/maps?q=Totoriu%20g.%2013,%20Vilnius,%20Lithuania&t=k&z=13&ie=UTF8&output=embed' frameborder='0' scrolling='no' marginheight='0' marginwidth='0'><\/iframe><br><\/div><\/div>\n\t\t<\/div>\n\t<\/div>\n\n\t\t\t<\/div> \n\t\t<\/div>\n\t<\/div> \n<\/div><\/div>","protected":false},"excerpt":{"rendered":"Turite klausim\u0173 ar pasteb\u0117jim\u0173? Lauksime J\u016bs\u0173 \u017einut\u0117s! J\u016bs\u0173 vardas J\u016bs\u0173 el. pa\u0161tas Tema J\u016bs\u0173 prane\u0161imas &#916;","protected":false},"author":1,"featured_media":0,"parent":0,"menu_order":0,"comment_status":"closed","ping_status":"closed","template":"","meta":{"footnotes":""},"yoast_head":"<!-- This site is optimized with the Yoast SEO plugin v22.1 - https:\/\/yoast.com\/wordpress\/plugins\/seo\/ -->\n<title>Susisiekite - GentleTrip.lt<\/title>\n<meta name=\"robots\" content=\"index, follow, max-snippet:-1, max-image-preview:large, max-video-preview:-1\" \/>\n<link rel=\"canonical\" href=\"https:\/\/gentletrip.lt\/en\/susisiekite\/\" \/>\n<meta property=\"og:locale\" content=\"en_US\" \/>\n<meta property=\"og:type\" content=\"article\" \/>\n<meta property=\"og:title\" content=\"Susisiekite - GentleTrip.lt\" \/>\n<meta property=\"og:url\" content=\"https:\/\/gentletrip.lt\/en\/susisiekite\/\" \/>\n<meta property=\"og:site_name\" content=\"GentleTrip.lt\" \/>\n<meta property=\"article:modified_time\" content=\"2023-08-05T11:22:57+00:00\" \/>\n<meta name=\"twitter:card\" content=\"summary_large_image\" \/>\n<meta name=\"twitter:label1\" content=\"Est. reading time\" \/>\n\t<meta name=\"twitter:data1\" content=\"2 minutes\" \/>\n<script type=\"application\/ld+json\" class=\"yoast-schema-graph\">{\"@context\":\"https:\/\/schema.org\",\"@graph\":[{\"@type\":\"WebPage\",\"@id\":\"https:\/\/gentletrip.lt\/susisiekite\/\",\"url\":\"https:\/\/gentletrip.lt\/susisiekite\/\",\"name\":\"Susisiekite - GentleTrip.lt\",\"isPartOf\":{\"@id\":\"https:\/\/gentletrip.lt\/#website\"},\"datePublished\":\"2018-08-02T14:45:41+00:00\",\"dateModified\":\"2023-08-05T11:22:57+00:00\",\"breadcrumb\":{\"@id\":\"https:\/\/gentletrip.lt\/susisiekite\/#breadcrumb\"},\"inLanguage\":\"en-US\",\"potentialAction\":[{\"@type\":\"ReadAction\",\"target\":[\"https:\/\/gentletrip.lt\/susisiekite\/\"]}]},{\"@type\":\"BreadcrumbList\",\"@id\":\"https:\/\/gentletrip.lt\/susisiekite\/#breadcrumb\",\"itemListElement\":[{\"@type\":\"ListItem\",\"position\":1,\"name\":\"Home\",\"item\":\"https:\/\/gentletrip.lt\/\"},{\"@type\":\"ListItem\",\"position\":2,\"name\":\"Susisiekite\"}]},{\"@type\":\"WebSite\",\"@id\":\"https:\/\/gentletrip.lt\/#website\",\"url\":\"https:\/\/gentletrip.lt\/\",\"name\":\"GentleTrip.lt\",\"description\":\"CBD guminukai\",\"potentialAction\":[{\"@type\":\"SearchAction\",\"target\":{\"@type\":\"EntryPoint\",\"urlTemplate\":\"https:\/\/gentletrip.lt\/?s={search_term_string}\"},\"query-input\":\"required name=search_term_string\"}],\"inLanguage\":\"en-US\"}]}<\/script>\n<!-- \/ Yoast SEO plugin. -->","yoast_head_json":{"title":"Susisiekite - GentleTrip.lt","robots":{"index":"index","follow":"follow","max-snippet":"max-snippet:-1","max-image-preview":"max-image-preview:large","max-video-preview":"max-video-preview:-1"},"canonical":"https:\/\/gentletrip.lt\/en\/susisiekite\/","og_locale":"en_US","og_type":"article","og_title":"Susisiekite - GentleTrip.lt","og_url":"https:\/\/gentletrip.lt\/en\/susisiekite\/","og_site_name":"GentleTrip.lt","article_modified_time":"2023-08-05T11:22:57+00:00","twitter_card":"summary_large_image","twitter_misc":{"Est. reading time":"2 minutes"},"schema":{"@context":"https:\/\/schema.org","@graph":[{"@type":"WebPage","@id":"https:\/\/gentletrip.lt\/susisiekite\/","url":"https:\/\/gentletrip.lt\/susisiekite\/","name":"Susisiekite - GentleTrip.lt","isPartOf":{"@id":"https:\/\/gentletrip.lt\/#website"},"datePublished":"2018-08-02T14:45:41+00:00","dateModified":"2023-08-05T11:22:57+00:00","breadcrumb":{"@id":"https:\/\/gentletrip.lt\/susisiekite\/#breadcrumb"},"inLanguage":"en-US","potentialAction":[{"@type":"ReadAction","target":["https:\/\/gentletrip.lt\/susisiekite\/"]}]},{"@type":"BreadcrumbList","@id":"https:\/\/gentletrip.lt\/susisiekite\/#breadcrumb","itemListElement":[{"@type":"ListItem","position":1,"name":"Home","item":"https:\/\/gentletrip.lt\/"},{"@type":"ListItem","position":2,"name":"Susisiekite"}]},{"@type":"WebSite","@id":"https:\/\/gentletrip.lt\/#website","url":"https:\/\/gentletrip.lt\/","name":"GentleTrip.lt","description":"CBD guminukai","potentialAction":[{"@type":"SearchAction","target":{"@type":"EntryPoint","urlTemplate":"https:\/\/gentletrip.lt\/?s={search_term_string}"},"query-input":"required name=search_term_string"}],"inLanguage":"en-US"}]}},"jetpack_sharing_enabled":true,"_links":{"self":[{"href":"https:\/\/gentletrip.lt\/en\/wp-json\/wp\/v2\/pages\/177"}],"collection":[{"href":"https:\/\/gentletrip.lt\/en\/wp-json\/wp\/v2\/pages"}],"about":[{"href":"https:\/\/gentletrip.lt\/en\/wp-json\/wp\/v2\/types\/page"}],"author":[{"embeddable":true,"href":"https:\/\/gentletrip.lt\/en\/wp-json\/wp\/v2\/users\/1"}],"replies":[{"embeddable":true,"href":"https:\/\/gentletrip.lt\/en\/wp-json\/wp\/v2\/comments?post=177"}],"version-history":[{"count":22,"href":"https:\/\/gentletrip.lt\/en\/wp-json\/wp\/v2\/pages\/177\/revisions"}],"predecessor-version":[{"id":6128,"href":"https:\/\/gentletrip.lt\/en\/wp-json\/wp\/v2\/pages\/177\/revisions\/6128"}],"wp:attachment":[{"href":"https:\/\/gentletrip.lt\/en\/wp-json\/wp\/v2\/media?parent=177"}],"curies":[{"name":"wp","href":"https:\/\/api.w.org\/{rel}","templated":true}]}}