{"id":5976,"date":"2023-06-21T16:16:26","date_gmt":"2023-06-21T16:16:26","guid":{"rendered":"https:\/\/gentletrip.lt\/?page_id=5976"},"modified":"2023-06-21T16:16:27","modified_gmt":"2023-06-21T16:16:27","slug":"atsiskaitymas-uz-prekes","status":"publish","type":"page","link":"https:\/\/gentletrip.lt\/en\/atsiskaitymas-uz-prekes\/","title":{"rendered":"Atsiskaitymas u\u017e prekes"},"content":{"rendered":"<p><strong>Methods of payment<\/strong><\/p>\n\n\n\n<p>You can pay online at www.gentletrip.lt in the most convenient way for you:<\/p>\n\n\n\n<ol>\n<li>Online banking;<\/li>\n\n\n\n<li>Cryptocurrency.<\/li>\n<\/ol>\n\n\n\n<p>At the end of the order, the system will select and indicate all possible payment methods.<\/p>\n\n\n\n<p>If you do not find your preferred payment method in the payment methods section, please select one of the payment methods offered by the system for this order.<\/p>\n\n\n\n<p><em>Online banking<\/em><\/p>\n\n\n\n<p>In the online store www.gentletrip.lt you can pay for the goods using the most popular electronic banking systems: bank \"Swedbank\" AB, bank \"SEB bankas\" AB, bank \"Luminor Bank\" AB, bank \"Danske Bank A\/S Lietuvos filialas\" AB, bank \"Citadele bankas\" AB, bank \"\u0160iauli\u0173 bankas\" AB. Please note that each of these banks may charge their own fees to the buyer for payments using electronic banking.<\/p>\n\n\n\n<p>How to pay for your order using online banking:<\/p>\n\n\n\n<ol>\n<li>Fill in your contact details and select \"E-Banking\" and your bank for the payment method.<\/li>\n\n\n\n<li>www.gentletrip.lt will redirect you to the bank's website and transmit the amount to be paid to the e-banking system.<\/li>\n\n\n\n<li>Log in to the e-banking page in the usual way and the system will have already set up the payment for the goods you have selected. All you have to do is confirm the payment.<\/li>\n\n\n\n<li>Once the payment has been confirmed, the e-banking page will close and you will be returned to <a href=\"https:\/\/gentletrip.lt\/en\/\">www.gentletrip.lt<\/a>.<\/li>\n<\/ol>\n\n\n\n<p><em>Cryptocurrency<\/em><\/p>\n\n\n\n<p>To pay with a cryptocurrency, please select the Bitcoin, Ethereum, Litecoin, Ripple payment method. Paid and unfulfilled orders are converted and returned to your bank account.<\/p>\n\n\n\n<p>For orders paid in cryptocurrency, goods are non-refundable. Orders are also not cancelled unless the seller is unable to provide the selected item.<\/p>","protected":false},"excerpt":{"rendered":"<p>Atsiskaitymo b\u016bdai Internetin\u0117je parduotuv\u0117je www.gentletrip.lt galite atsiskaityti Jums patogiausiu b\u016bdu: U\u017esakymo pildymo pabaigoje sistema parinks ir nurodys visus galimus atsiskaitymo b\u016bdus. Jeigu prie atsiskaitymo b\u016bd\u0173&#8230;<\/p>","protected":false},"author":4,"featured_media":0,"parent":0,"menu_order":0,"comment_status":"closed","ping_status":"closed","template":"","meta":{"footnotes":""},"yoast_head":"<!-- This site is optimized with the Yoast SEO plugin v22.1 - https:\/\/yoast.com\/wordpress\/plugins\/seo\/ -->\n<title>Atsiskaitymas u\u017e prekes - GentleTrip.lt<\/title>\n<meta name=\"robots\" content=\"index, follow, max-snippet:-1, max-image-preview:large, max-video-preview:-1\" \/>\n<link rel=\"canonical\" href=\"https:\/\/gentletrip.lt\/en\/atsiskaitymas-uz-prekes\/\" \/>\n<meta property=\"og:locale\" content=\"en_US\" \/>\n<meta property=\"og:type\" content=\"article\" \/>\n<meta property=\"og:title\" content=\"Atsiskaitymas u\u017e prekes - GentleTrip.lt\" \/>\n<meta property=\"og:description\" content=\"Atsiskaitymo b\u016bdai Internetin\u0117je parduotuv\u0117je www.gentletrip.lt galite atsiskaityti Jums patogiausiu b\u016bdu: U\u017esakymo pildymo pabaigoje sistema parinks ir nurodys visus galimus atsiskaitymo b\u016bdus. Jeigu prie atsiskaitymo b\u016bd\u0173...\" \/>\n<meta property=\"og:url\" content=\"https:\/\/gentletrip.lt\/en\/atsiskaitymas-uz-prekes\/\" \/>\n<meta property=\"og:site_name\" content=\"GentleTrip.lt\" \/>\n<meta property=\"article:modified_time\" content=\"2023-06-21T16:16:27+00:00\" \/>\n<meta name=\"twitter:card\" content=\"summary_large_image\" \/>\n<meta name=\"twitter:label1\" content=\"Est. reading time\" \/>\n\t<meta name=\"twitter:data1\" content=\"1 minute\" \/>\n<script type=\"application\/ld+json\" class=\"yoast-schema-graph\">{\"@context\":\"https:\/\/schema.org\",\"@graph\":[{\"@type\":\"WebPage\",\"@id\":\"https:\/\/gentletrip.lt\/atsiskaitymas-uz-prekes\/\",\"url\":\"https:\/\/gentletrip.lt\/atsiskaitymas-uz-prekes\/\",\"name\":\"Atsiskaitymas u\u017e prekes - GentleTrip.lt\",\"isPartOf\":{\"@id\":\"https:\/\/gentletrip.lt\/#website\"},\"datePublished\":\"2023-06-21T16:16:26+00:00\",\"dateModified\":\"2023-06-21T16:16:27+00:00\",\"breadcrumb\":{\"@id\":\"https:\/\/gentletrip.lt\/atsiskaitymas-uz-prekes\/#breadcrumb\"},\"inLanguage\":\"en-US\",\"potentialAction\":[{\"@type\":\"ReadAction\",\"target\":[\"https:\/\/gentletrip.lt\/atsiskaitymas-uz-prekes\/\"]}]},{\"@type\":\"BreadcrumbList\",\"@id\":\"https:\/\/gentletrip.lt\/atsiskaitymas-uz-prekes\/#breadcrumb\",\"itemListElement\":[{\"@type\":\"ListItem\",\"position\":1,\"name\":\"Home\",\"item\":\"https:\/\/gentletrip.lt\/\"},{\"@type\":\"ListItem\",\"position\":2,\"name\":\"Atsiskaitymas u\u017e prekes\"}]},{\"@type\":\"WebSite\",\"@id\":\"https:\/\/gentletrip.lt\/#website\",\"url\":\"https:\/\/gentletrip.lt\/\",\"name\":\"GentleTrip.lt\",\"description\":\"CBD guminukai\",\"potentialAction\":[{\"@type\":\"SearchAction\",\"target\":{\"@type\":\"EntryPoint\",\"urlTemplate\":\"https:\/\/gentletrip.lt\/?s={search_term_string}\"},\"query-input\":\"required name=search_term_string\"}],\"inLanguage\":\"en-US\"}]}<\/script>\n<!-- \/ Yoast SEO plugin. -->","yoast_head_json":{"title":"Atsiskaitymas u\u017e prekes - GentleTrip.lt","robots":{"index":"index","follow":"follow","max-snippet":"max-snippet:-1","max-image-preview":"max-image-preview:large","max-video-preview":"max-video-preview:-1"},"canonical":"https:\/\/gentletrip.lt\/en\/atsiskaitymas-uz-prekes\/","og_locale":"en_US","og_type":"article","og_title":"Atsiskaitymas u\u017e prekes - GentleTrip.lt","og_description":"Atsiskaitymo b\u016bdai Internetin\u0117je parduotuv\u0117je www.gentletrip.lt galite atsiskaityti Jums patogiausiu b\u016bdu: U\u017esakymo pildymo pabaigoje sistema parinks ir nurodys visus galimus atsiskaitymo b\u016bdus. Jeigu prie atsiskaitymo b\u016bd\u0173...","og_url":"https:\/\/gentletrip.lt\/en\/atsiskaitymas-uz-prekes\/","og_site_name":"GentleTrip.lt","article_modified_time":"2023-06-21T16:16:27+00:00","twitter_card":"summary_large_image","twitter_misc":{"Est. reading time":"1 minute"},"schema":{"@context":"https:\/\/schema.org","@graph":[{"@type":"WebPage","@id":"https:\/\/gentletrip.lt\/atsiskaitymas-uz-prekes\/","url":"https:\/\/gentletrip.lt\/atsiskaitymas-uz-prekes\/","name":"Atsiskaitymas u\u017e prekes - GentleTrip.lt","isPartOf":{"@id":"https:\/\/gentletrip.lt\/#website"},"datePublished":"2023-06-21T16:16:26+00:00","dateModified":"2023-06-21T16:16:27+00:00","breadcrumb":{"@id":"https:\/\/gentletrip.lt\/atsiskaitymas-uz-prekes\/#breadcrumb"},"inLanguage":"en-US","potentialAction":[{"@type":"ReadAction","target":["https:\/\/gentletrip.lt\/atsiskaitymas-uz-prekes\/"]}]},{"@type":"BreadcrumbList","@id":"https:\/\/gentletrip.lt\/atsiskaitymas-uz-prekes\/#breadcrumb","itemListElement":[{"@type":"ListItem","position":1,"name":"Home","item":"https:\/\/gentletrip.lt\/"},{"@type":"ListItem","position":2,"name":"Atsiskaitymas u\u017e prekes"}]},{"@type":"WebSite","@id":"https:\/\/gentletrip.lt\/#website","url":"https:\/\/gentletrip.lt\/","name":"GentleTrip.lt","description":"CBD guminukai","potentialAction":[{"@type":"SearchAction","target":{"@type":"EntryPoint","urlTemplate":"https:\/\/gentletrip.lt\/?s={search_term_string}"},"query-input":"required name=search_term_string"}],"inLanguage":"en-US"}]}},"jetpack_sharing_enabled":true,"_links":{"self":[{"href":"https:\/\/gentletrip.lt\/en\/wp-json\/wp\/v2\/pages\/5976"}],"collection":[{"href":"https:\/\/gentletrip.lt\/en\/wp-json\/wp\/v2\/pages"}],"about":[{"href":"https:\/\/gentletrip.lt\/en\/wp-json\/wp\/v2\/types\/page"}],"author":[{"embeddable":true,"href":"https:\/\/gentletrip.lt\/en\/wp-json\/wp\/v2\/users\/4"}],"replies":[{"embeddable":true,"href":"https:\/\/gentletrip.lt\/en\/wp-json\/wp\/v2\/comments?post=5976"}],"version-history":[{"count":1,"href":"https:\/\/gentletrip.lt\/en\/wp-json\/wp\/v2\/pages\/5976\/revisions"}],"predecessor-version":[{"id":5978,"href":"https:\/\/gentletrip.lt\/en\/wp-json\/wp\/v2\/pages\/5976\/revisions\/5978"}],"wp:attachment":[{"href":"https:\/\/gentletrip.lt\/en\/wp-json\/wp\/v2\/media?parent=5976"}],"curies":[{"name":"wp","href":"https:\/\/api.w.org\/{rel}","templated":true}]}}