{"id":6142,"date":"2023-08-05T11:58:43","date_gmt":"2023-08-05T11:58:43","guid":{"rendered":"https:\/\/gentletrip.lt\/?page_id=6142"},"modified":"2023-08-05T14:33:24","modified_gmt":"2023-08-05T14:33:24","slug":"dazniausiai-uzduodami-klausimai","status":"publish","type":"page","link":"https:\/\/gentletrip.lt\/en\/dazniausiai-uzduodami-klausimai\/","title":{"rendered":"Frequently Asked Questions"},"content":{"rendered":"<div id=\"fws_6a01e4ce4220b\"  data-column-margin=\"default\" data-midnight=\"dark\"  class=\"wpb_row vc_row-fluid vc_row\"  style=\"padding-top: 0px; padding-bottom: 0px; \"><div class=\"row-bg-wrap\" data-bg-animation=\"none\" data-bg-overlay=\"false\"><div class=\"inner-wrap\"><div class=\"row-bg viewport-desktop\"  style=\"\"><\/div><\/div><\/div><div class=\"row_col_wrap_12 col span_12 dark left\">\n\t<div  class=\"vc_col-sm-12 wpb_column column_container vc_column_container col no-extra-padding inherit_tablet inherit_phone\"  data-padding-pos=\"all\" data-has-bg-color=\"false\" data-bg-color=\"\" data-bg-opacity=\"1\" data-animation=\"\" data-delay=\"0\" >\n\t\t<div class=\"vc_column-inner\" >\n\t\t\t<div class=\"wpb_wrapper\">\n\t\t\t\t<div class=\"col span_12 section-title text-align-center extra-padding\"><h2>\n<h2>Frequently Asked Questions<\/h2>\n<\/h2><\/div><div class=\"clear\"><\/div>\n\t\t\t<\/div> \n\t\t<\/div>\n\t<\/div> \n<\/div><\/div>            <div class=\"qae-faqs-container qae-faqs-toggle-container\">\n\t\t\t\t\t\t<div id=\"qaef-6149\" class=\"qe-faq-toggle faq\">\n\t\t\t<div class=\"qe-toggle-title\">\n\t\t\t\t<h4>\n\t\t\t\t\t<i class=\"fa fa-minus-circle\"><\/i> Are CBD gummies really effective?\t\t\t\t<\/h4>\n\t\t\t<\/div>\n\t\t\t<div class=\"qe-toggle-content\">\n\t\t\t\t\n<p>As CBD gummies are a relatively new product on the market, their effects have not been widely studied as, for example, CBD oil. Nevertheless, CBD gummies may contain the same amount of CBD as other products.<\/p>\n\n\n\n<p>CBD gummies are the perfect choice for those experiencing anxiety, tension, stress and want a natural and healthy way to relax from stress and tension. They contribute to a positive effect on emotional and physical well-being, general well-being and mood. The CBD contained in it can relieve pain symptoms and improve sleep quality.<\/p>\n\t\t\t<\/div>\n\t\t<\/div>\n\t\t\t\t<div id=\"qaef-6148\" class=\"qe-faq-toggle faq\">\n\t\t\t<div class=\"qe-toggle-title\">\n\t\t\t\t<h4>\n\t\t\t\t\t<i class=\"fa fa-minus-circle\"><\/i> Kaip veikia CBD guminukai?\t\t\t\t<\/h4>\n\t\t\t<\/div>\n\t\t\t<div class=\"qe-toggle-content\">\n\t\t\t\t\n<p>When a CBD gummy is ingested, it is absorbed in the digestive tract before the active ingredients enter the bloodstream and are then broken down by the liver. The liver processes the active substances, which re-enter the bloodstream and reach the brain, producing the desired effect.<\/p>\n\n\n\n<p>CBD gummies is slower acting than CBD oil. Studies show that CBD gummies have an effect within 30-60 minutes, depending on the concentration.<\/p>\n\t\t\t<\/div>\n\t\t<\/div>\n\t\t\t\t<div id=\"qaef-6147\" class=\"qe-faq-toggle faq\">\n\t\t\t<div class=\"qe-toggle-title\">\n\t\t\t\t<h4>\n\t\t\t\t\t<i class=\"fa fa-minus-circle\"><\/i> What are CBD gummies and why do many people like them?\t\t\t\t<\/h4>\n\t\t\t<\/div>\n\t\t\t<div class=\"qe-toggle-content\">\n\t\t\t\t\n<p>CBD is a non-addictive chemical compound found in the cannabis plant, the use of which is not addictive.  CBD - short for cannabinoids - is used in various forms. There are many CBD products and gummies are just one of many. CBD gummies are sweet with a gelatine base. CBD gummies come in different flavours, shapes, sizes, strengths and additives. No matter what kind of CBD gummies you are looking for - flavoured, unflavoured, vegan or non-vegan - it is important that the right amount of CBD is present. They are easy to consume - all you need to do is choose and consume properly.&nbsp;<\/p>\n\n\n\n<p>In addition, the gummies are sweet and you don't feel the earthiness of the cannabinoid compounds, unlike with CBD oils and tinctures.&nbsp;<\/p>\n\n\n\n<p>Like any other CBD product, it is important to follow the instructions for use to reap the benefits. Many people like CBD gummies because of their dosing accuracy. When using gummies, there is no need to measure the CBD oil. In addition, CBD gummies are discreet, so you can enjoy them anywhere without attracting attention. Love to travel and can't do without CBD? The small pack is easy to throw in your suitcase and always close at hand. No wonder many CBD lovers use CBD gummies for this very reason.<\/p>\n\n\n\n<p>CBD products, including gummies, are not addictive. That's everything you need to know about CBD gummies and addiction.<\/p>\n\n\n\n<p>CBD gummies from different manufacturers vary in CBD concentration and purity, which determines their effectiveness. However, the most important thing is that CBD gummies are as natural as possible, of high quality and from reputable manufacturers - the CBD concentration should be a secondary consideration.<\/p>\n\t\t\t<\/div>\n\t\t<\/div>\n\t\t\t\t<div id=\"qaef-6146\" class=\"qe-faq-toggle faq\">\n\t\t\t<div class=\"qe-toggle-title\">\n\t\t\t\t<h4>\n\t\t\t\t\t<i class=\"fa fa-minus-circle\"><\/i> Benefits and effects of CBD gummies\t\t\t\t<\/h4>\n\t\t\t<\/div>\n\t\t\t<div class=\"qe-toggle-content\">\n\t\t\t\t\n<ul>\n<li>The fast pace of life means that it's not always possible to get all the work planned for the day done, which can cause tension, stress or anxiety. To help alleviate these states of mind, Green Heights has developed CBD gummies for those who want to relax and enjoy every moment of life.<br><\/li>\n\n\n\n<li>Gentle Trip CBD gummies are a great gift idea, whether you're stressed out or just want to calm down more easily, to slip into a calmer state of mind.<br><\/li>\n\n\n\n<li>CBD gummies are particularly easy to travel with - if you put them in your suitcase or handbag, you don't have to worry about spilling the product, as the box is sealed, small, compact and plastic, so it won't take up much space.\u00a0<br><\/li>\n\n\n\n<li>We recommend storing Gentle Trip CBD gummies at room temperature, away from sunlight and out of the reach of children.<br><\/li>\n\n\n\n<li>If you are expecting a baby or taking medication, talk to your doctor before taking Gentle Trip CBD gummies.<br><\/li>\n\n\n\n<li>Please be aware that CBD products are not medicines and are not intended to cure diseases, so please consult your doctor before using them.<\/li>\n<\/ul>\n\t\t\t<\/div>\n\t\t<\/div>\n\t\t\t\t<div id=\"qaef-6145\" class=\"qe-faq-toggle faq\">\n\t\t\t<div class=\"qe-toggle-title\">\n\t\t\t\t<h4>\n\t\t\t\t\t<i class=\"fa fa-minus-circle\"><\/i> Ar CBD guminukai legal\u016bs Lietuvoje?\t\t\t\t<\/h4>\n\t\t\t<\/div>\n\t\t\t<div class=\"qe-toggle-content\">\n\t\t\t\t\n<p>The legality of CBD in Lithuania has been the subject of a long and ineffective debate, both in society and in government. However, on 10 June 2021. On 20 June 2018, the Seimas adopted an amendment to the law on hemp for fibre, which allows the use of whole plant parts for the production of products and the legal supply of products to the market. Thus, consumers can finally purchase CBD products with peace of mind and without fear.<\/p>\n\t\t\t<\/div>\n\t\t<\/div>\n\t\t\t\t<div id=\"qaef-6144\" class=\"qe-faq-toggle faq\">\n\t\t\t<div class=\"qe-toggle-title\">\n\t\t\t\t<h4>\n\t\t\t\t\t<i class=\"fa fa-minus-circle\"><\/i> Kaip vartoti CBD guminukus?\t\t\t\t<\/h4>\n\t\t\t<\/div>\n\t\t\t<div class=\"qe-toggle-content\">\n\t\t\t\t\n<p>The gelatine used in the gummies makes them suitable for omnivores and vegans. It is important to dose them correctly to get the desired effect. As the absorption of this method of CBD use is relatively slow in the body, particularly with infrequent use, the product may not appear to provide any benefit to the body. This is because many people want a 'here and now' result. You will need patience in order for your body to absorb the beneficial substances in the gummy to the maximum extent.<br><\/p>\n\n\n\n<p>Gentle Trip CBD gummies are easy to take and dose, as each gummy contains an identical amount of valuable hemp. The gummies have a distinct smell of hemp and come in playful colours, so will appeal especially to those who appreciate the natural smell and taste of hemp.<\/p>\n\t\t\t<\/div>\n\t\t<\/div>\n\t\t\t\t<div id=\"qaef-6143\" class=\"qe-faq-toggle faq\">\n\t\t\t<div class=\"qe-toggle-title\">\n\t\t\t\t<h4>\n\t\t\t\t\t<i class=\"fa fa-minus-circle\"><\/i> Why choose Gentle Trip CBD gummies?\t\t\t\t<\/h4>\n\t\t\t<\/div>\n\t\t\t<div class=\"qe-toggle-content\">\n\t\t\t\t\n<p>Gentle Trip CBD gummies are produced in the European Union. We use carefully grown and selected hemp. Using modern extraction methods, we preserve a wide range of cannabinoid properties.  Gentle Trip CBD gummies are suitable for omnivores and vegans. Most edible CBD products are made with gelatine, but we have replaced it with a plant-based product called pectin. This makes our gummies 100% vegan. The quality of the gummies is checked by independent laboratories before they are put on the market.&nbsp;<br><\/p>\n\n\n\n<p>Gentle Trip CBD gummies do not contain tetrahydrocannabinol (THC), so you don't have to worry about psychoactive effects when using them. One packet of CBD gummies contains 60 gummies with a total of 900 ml of cannabidiol (CBD).<\/p>\n\t\t\t<\/div>\n\t\t<\/div>\n\t\t            <\/div>\n\t\t\n\t\t<div id=\"fws_6a01e4ce457e5\"  data-column-margin=\"default\" data-midnight=\"dark\"  class=\"wpb_row vc_row-fluid vc_row\"  style=\"padding-top: 0px; padding-bottom: 0px; \"><div class=\"row-bg-wrap\" data-bg-animation=\"none\" data-bg-overlay=\"false\"><div class=\"inner-wrap\"><div class=\"row-bg viewport-desktop\"  style=\"\"><\/div><\/div><\/div><div class=\"row_col_wrap_12 col span_12 dark left\">\n\t<div  class=\"vc_col-sm-12 wpb_column column_container vc_column_container col no-extra-padding inherit_tablet inherit_phone\"  data-padding-pos=\"all\" data-has-bg-color=\"false\" data-bg-color=\"\" data-bg-opacity=\"1\" data-animation=\"\" data-delay=\"0\" >\n\t\t<div class=\"vc_column-inner\" >\n\t\t\t<div class=\"wpb_wrapper\">\n\t\t\t\t\n<div class=\"wpb_text_column wpb_content_element\" >\n\t<div class=\"wpb_wrapper\">\n\t\t<\/div>\n<p><!-- \/wp:quick-and-easy-faqs\/faqs-accordion --><\/p>\n\t<\/div>\n<\/div>\n\n\n\n\n\t\t\t<\/div> \n\t\t<\/div>\n\t<\/div> \n<\/div><\/div>","protected":false},"excerpt":{"rendered":"Gentle Trip CBD guminukai gaminami Europos S\u0105jungoje. Naudojame kruop\u0161\u010diai u\u017eaugintas ir atrinktas pluo\u0161tines kanapes. Pasitelk\u0119 \u0161iuolaikinius ekstrakcijos metodus, i\u0161saugome plat\u0173 kanabinoid\u0173 savybi\u0173 spektr\u0105.&nbsp; Gentle Trip...","protected":false},"author":4,"featured_media":0,"parent":0,"menu_order":0,"comment_status":"closed","ping_status":"closed","template":"","meta":{"footnotes":""},"yoast_head":"<!-- This site is optimized with the Yoast SEO plugin v22.1 - https:\/\/yoast.com\/wordpress\/plugins\/seo\/ -->\n<title>Da\u017eniausiai U\u017eduodami Klausimai - GentleTrip.lt<\/title>\n<meta name=\"robots\" content=\"index, follow, max-snippet:-1, max-image-preview:large, max-video-preview:-1\" \/>\n<link rel=\"canonical\" href=\"https:\/\/gentletrip.lt\/en\/dazniausiai-uzduodami-klausimai\/\" \/>\n<meta property=\"og:locale\" content=\"en_US\" \/>\n<meta property=\"og:type\" content=\"article\" \/>\n<meta property=\"og:title\" content=\"Da\u017eniausiai U\u017eduodami Klausimai - GentleTrip.lt\" \/>\n<meta property=\"og:url\" content=\"https:\/\/gentletrip.lt\/en\/dazniausiai-uzduodami-klausimai\/\" \/>\n<meta property=\"og:site_name\" content=\"GentleTrip.lt\" \/>\n<meta property=\"article:modified_time\" content=\"2023-08-05T14:33:24+00:00\" \/>\n<meta name=\"twitter:card\" content=\"summary_large_image\" \/>\n<meta name=\"twitter:label1\" content=\"Est. reading time\" \/>\n\t<meta name=\"twitter:data1\" content=\"1 minute\" \/>\n<script type=\"application\/ld+json\" class=\"yoast-schema-graph\">{\"@context\":\"https:\/\/schema.org\",\"@graph\":[{\"@type\":\"WebPage\",\"@id\":\"https:\/\/gentletrip.lt\/dazniausiai-uzduodami-klausimai\/\",\"url\":\"https:\/\/gentletrip.lt\/dazniausiai-uzduodami-klausimai\/\",\"name\":\"Da\u017eniausiai U\u017eduodami Klausimai - GentleTrip.lt\",\"isPartOf\":{\"@id\":\"https:\/\/gentletrip.lt\/#website\"},\"datePublished\":\"2023-08-05T11:58:43+00:00\",\"dateModified\":\"2023-08-05T14:33:24+00:00\",\"breadcrumb\":{\"@id\":\"https:\/\/gentletrip.lt\/dazniausiai-uzduodami-klausimai\/#breadcrumb\"},\"inLanguage\":\"en-US\",\"potentialAction\":[{\"@type\":\"ReadAction\",\"target\":[\"https:\/\/gentletrip.lt\/dazniausiai-uzduodami-klausimai\/\"]}]},{\"@type\":\"BreadcrumbList\",\"@id\":\"https:\/\/gentletrip.lt\/dazniausiai-uzduodami-klausimai\/#breadcrumb\",\"itemListElement\":[{\"@type\":\"ListItem\",\"position\":1,\"name\":\"Home\",\"item\":\"https:\/\/gentletrip.lt\/\"},{\"@type\":\"ListItem\",\"position\":2,\"name\":\"Da\u017eniausiai U\u017eduodami Klausimai\"}]},{\"@type\":\"WebSite\",\"@id\":\"https:\/\/gentletrip.lt\/#website\",\"url\":\"https:\/\/gentletrip.lt\/\",\"name\":\"GentleTrip.lt\",\"description\":\"CBD guminukai\",\"potentialAction\":[{\"@type\":\"SearchAction\",\"target\":{\"@type\":\"EntryPoint\",\"urlTemplate\":\"https:\/\/gentletrip.lt\/?s={search_term_string}\"},\"query-input\":\"required name=search_term_string\"}],\"inLanguage\":\"en-US\"}]}<\/script>\n<!-- \/ Yoast SEO plugin. -->","yoast_head_json":{"title":"Da\u017eniausiai U\u017eduodami Klausimai - GentleTrip.lt","robots":{"index":"index","follow":"follow","max-snippet":"max-snippet:-1","max-image-preview":"max-image-preview:large","max-video-preview":"max-video-preview:-1"},"canonical":"https:\/\/gentletrip.lt\/en\/dazniausiai-uzduodami-klausimai\/","og_locale":"en_US","og_type":"article","og_title":"Da\u017eniausiai U\u017eduodami Klausimai - GentleTrip.lt","og_url":"https:\/\/gentletrip.lt\/en\/dazniausiai-uzduodami-klausimai\/","og_site_name":"GentleTrip.lt","article_modified_time":"2023-08-05T14:33:24+00:00","twitter_card":"summary_large_image","twitter_misc":{"Est. reading time":"1 minute"},"schema":{"@context":"https:\/\/schema.org","@graph":[{"@type":"WebPage","@id":"https:\/\/gentletrip.lt\/dazniausiai-uzduodami-klausimai\/","url":"https:\/\/gentletrip.lt\/dazniausiai-uzduodami-klausimai\/","name":"Da\u017eniausiai U\u017eduodami Klausimai - GentleTrip.lt","isPartOf":{"@id":"https:\/\/gentletrip.lt\/#website"},"datePublished":"2023-08-05T11:58:43+00:00","dateModified":"2023-08-05T14:33:24+00:00","breadcrumb":{"@id":"https:\/\/gentletrip.lt\/dazniausiai-uzduodami-klausimai\/#breadcrumb"},"inLanguage":"en-US","potentialAction":[{"@type":"ReadAction","target":["https:\/\/gentletrip.lt\/dazniausiai-uzduodami-klausimai\/"]}]},{"@type":"BreadcrumbList","@id":"https:\/\/gentletrip.lt\/dazniausiai-uzduodami-klausimai\/#breadcrumb","itemListElement":[{"@type":"ListItem","position":1,"name":"Home","item":"https:\/\/gentletrip.lt\/"},{"@type":"ListItem","position":2,"name":"Da\u017eniausiai U\u017eduodami Klausimai"}]},{"@type":"WebSite","@id":"https:\/\/gentletrip.lt\/#website","url":"https:\/\/gentletrip.lt\/","name":"GentleTrip.lt","description":"CBD guminukai","potentialAction":[{"@type":"SearchAction","target":{"@type":"EntryPoint","urlTemplate":"https:\/\/gentletrip.lt\/?s={search_term_string}"},"query-input":"required name=search_term_string"}],"inLanguage":"en-US"}]}},"jetpack_sharing_enabled":true,"_links":{"self":[{"href":"https:\/\/gentletrip.lt\/en\/wp-json\/wp\/v2\/pages\/6142"}],"collection":[{"href":"https:\/\/gentletrip.lt\/en\/wp-json\/wp\/v2\/pages"}],"about":[{"href":"https:\/\/gentletrip.lt\/en\/wp-json\/wp\/v2\/types\/page"}],"author":[{"embeddable":true,"href":"https:\/\/gentletrip.lt\/en\/wp-json\/wp\/v2\/users\/4"}],"replies":[{"embeddable":true,"href":"https:\/\/gentletrip.lt\/en\/wp-json\/wp\/v2\/comments?post=6142"}],"version-history":[{"count":13,"href":"https:\/\/gentletrip.lt\/en\/wp-json\/wp\/v2\/pages\/6142\/revisions"}],"predecessor-version":[{"id":6171,"href":"https:\/\/gentletrip.lt\/en\/wp-json\/wp\/v2\/pages\/6142\/revisions\/6171"}],"wp:attachment":[{"href":"https:\/\/gentletrip.lt\/en\/wp-json\/wp\/v2\/media?parent=6142"}],"curies":[{"name":"wp","href":"https:\/\/api.w.org\/{rel}","templated":true}]}}