{"id":5939,"date":"2023-06-05T05:35:56","date_gmt":"2023-06-05T05:35:56","guid":{"rendered":"https:\/\/gentletrip.lt\/?post_type=product&#038;p=5939"},"modified":"2024-02-21T15:03:21","modified_gmt":"2024-02-21T15:03:21","slug":"veganiski-guminukai-su-cbd-ekstraktu-2-vnt-rinkinys","status":"publish","type":"product","link":"https:\/\/gentletrip.lt\/en\/product\/veganiski-guminukai-su-cbd-ekstraktu-2-vnt-rinkinys\/","title":{"rendered":"Vegan fruit gummies with CBD extract | 2 pcs. set"},"content":{"rendered":"<div id=\"fws_69ece35aa4c68\"  data-column-margin=\"default\" data-midnight=\"dark\"  class=\"wpb_row vc_row-fluid vc_row\"  style=\"padding-top: 0px; padding-bottom: 0px; \"><div class=\"row-bg-wrap\" data-bg-animation=\"none\" data-bg-overlay=\"false\"><div class=\"inner-wrap\"><div class=\"row-bg viewport-desktop\"  style=\"\"><\/div><\/div><\/div><div class=\"row_col_wrap_12 col span_12 dark left\">\n\t<div  class=\"vc_col-sm-12 wpb_column column_container vc_column_container col no-extra-padding inherit_tablet inherit_phone\"  data-padding-pos=\"all\" data-has-bg-color=\"false\" data-bg-color=\"\" data-bg-opacity=\"1\" data-animation=\"\" data-delay=\"0\" >\n\t\t<div class=\"vc_column-inner\" >\n\t\t\t<div class=\"wpb_wrapper\">\n\t\t\t\t\n<div class=\"wpb_text_column wpb_content_element\" >\n\t<div class=\"wpb_wrapper\">\n\t\t<p class=\"p1\">Product description:<\/p>\n<p class=\"p1\"><b>Usage<\/b>: Chew the gum finely and swallow. Do not consume more than 70 mg of CBD (7 gummies) per day.<\/p>\n<p class=\"p1\"><b>Contains<\/b>: Pectin, glucose, water, sugar, acidity regulator: citric acid, isolators, natural flavour, natural CBD polish: E903 (Carnauba wax), natural colour.<\/p>\n<p class=\"p1\"><b>Warning:<\/b> A food supplement should not be used as a substitute for food. Keep out of the reach of children. Not recommended  using during pregnancy or lactation. Keep away from heat, light and moisture. The product is not intended to diagnose, treat or prevent disease. If you are taking medication or have a medical condition consult your GP or pharmacist before using this product.<\/p>\n<p><b>CBD gummies<\/b><\/p>\n<p><span style=\"font-weight: 400;\">Edible CBD products are indispensable for those who don't like the taste of pure CBD oil or the consumption of hemp flowers. This alternative is attractive not only for its taste, but also for its additional, beneficial properties:<\/span><\/p>\n<ul>\n<li style=\"font-weight: 400;\" aria-level=\"1\"><span style=\"font-weight: 400;\">Easy dosing. Each unit of the product contains the same amount of CBD oil, so they do not require calculation and care to use.\u00a0<\/span><\/li>\n<li style=\"font-weight: 400;\" aria-level=\"1\"><span style=\"font-weight: 400;\">Discretion. Because edible CBD products look just like regular food, consuming them in public spaces does not cause stress or discomfort.<\/span><\/li>\n<li style=\"font-weight: 400;\" aria-level=\"1\"><span style=\"font-weight: 400;\">Vegan Friendly. Most edible CBD products are made with gelatine, but plant-based ingredients such as pectin can be substituted. This is how 100% vegan CBD products are born.<\/span><\/li>\n<\/ul>\n\t<\/div>\n<\/div>\n\n\n\n\n\t\t\t<\/div> \n\t\t<\/div>\n\t<\/div> \n<\/div><\/div>","protected":false},"excerpt":{"rendered":"<p><span style=\"font-weight: 400;\">They look ordinary, but have special powers within them. Relaxing and relaxing, these gummies relieve stress and help maintain a healthy balance between mind and body. Made using modern technology from carefully separated CBD oil, they are of impeccable quality and THC-free.<\/span><\/p>","protected":false},"featured_media":6087,"comment_status":"closed","ping_status":"closed","template":"","meta":[],"product_cat":[51],"product_tag":[],"yoast_head":"<!-- This site is optimized with the Yoast SEO plugin v22.1 - https:\/\/yoast.com\/wordpress\/plugins\/seo\/ -->\n<title>Vegani\u0161ki guminukai su CBD ekstraktu | 2 vnt. rinkinys - GentleTrip.lt<\/title>\n<meta name=\"description\" content=\"Jie atrodo \u012fprastai, ta\u010diau savyje turi ypating\u0173 gali\u0173. Atpalaiduojan\u010diu poveikiu pasi\u017eymintys guminukai mal\u0161ina stres\u0105 bei padeda palaikyti sveik\u0105 min\u010di\u0173 ir k\u016bno balans\u0105. Pagaminti naudojant \u0161iuolaikines technologijas, i\u0161 kruop\u0161\u010diai atskirto CBD aliejaus, jie yra nepriekai\u0161tingos kokyb\u0117s ir savo sud\u0117tyje neturi THC.\" \/>\n<meta name=\"robots\" content=\"index, follow, max-snippet:-1, max-image-preview:large, max-video-preview:-1\" \/>\n<link rel=\"canonical\" href=\"https:\/\/gentletrip.lt\/en\/product\/veganiski-guminukai-su-cbd-ekstraktu-2-vnt-rinkinys\/\" \/>\n<meta property=\"og:locale\" content=\"en_US\" \/>\n<meta property=\"og:type\" content=\"article\" \/>\n<meta property=\"og:title\" content=\"Vegani\u0161ki guminukai su CBD ekstraktu | 2 vnt. rinkinys - GentleTrip.lt\" \/>\n<meta property=\"og:description\" content=\"Jie atrodo \u012fprastai, ta\u010diau savyje turi ypating\u0173 gali\u0173. Atpalaiduojan\u010diu poveikiu pasi\u017eymintys guminukai mal\u0161ina stres\u0105 bei padeda palaikyti sveik\u0105 min\u010di\u0173 ir k\u016bno balans\u0105. Pagaminti naudojant \u0161iuolaikines technologijas, i\u0161 kruop\u0161\u010diai atskirto CBD aliejaus, jie yra nepriekai\u0161tingos kokyb\u0117s ir savo sud\u0117tyje neturi THC.\" \/>\n<meta property=\"og:url\" content=\"https:\/\/gentletrip.lt\/en\/product\/veganiski-guminukai-su-cbd-ekstraktu-2-vnt-rinkinys\/\" \/>\n<meta property=\"og:site_name\" content=\"GentleTrip.lt\" \/>\n<meta property=\"article:modified_time\" content=\"2024-02-21T15:03:21+00:00\" \/>\n<meta property=\"og:image\" content=\"https:\/\/gentletrip.lt\/wp-content\/uploads\/2023\/06\/GentleTrip002-1.jpg\" \/>\n\t<meta property=\"og:image:width\" content=\"2453\" \/>\n\t<meta property=\"og:image:height\" content=\"2453\" \/>\n\t<meta property=\"og:image:type\" content=\"image\/jpeg\" \/>\n<meta name=\"twitter:card\" content=\"summary_large_image\" \/>\n<meta name=\"twitter:label1\" content=\"Est. reading time\" \/>\n\t<meta name=\"twitter:data1\" content=\"2 minutes\" \/>\n<script type=\"application\/ld+json\" class=\"yoast-schema-graph\">{\"@context\":\"https:\/\/schema.org\",\"@graph\":[{\"@type\":\"WebPage\",\"@id\":\"https:\/\/gentletrip.lt\/produktas\/veganiski-guminukai-su-cbd-ekstraktu-2-vnt-rinkinys\/\",\"url\":\"https:\/\/gentletrip.lt\/produktas\/veganiski-guminukai-su-cbd-ekstraktu-2-vnt-rinkinys\/\",\"name\":\"Vegani\u0161ki guminukai su CBD ekstraktu | 2 vnt. rinkinys - GentleTrip.lt\",\"isPartOf\":{\"@id\":\"https:\/\/gentletrip.lt\/#website\"},\"datePublished\":\"2023-06-05T05:35:56+00:00\",\"dateModified\":\"2024-02-21T15:03:21+00:00\",\"description\":\"Jie atrodo \u012fprastai, ta\u010diau savyje turi ypating\u0173 gali\u0173. Atpalaiduojan\u010diu poveikiu pasi\u017eymintys guminukai mal\u0161ina stres\u0105 bei padeda palaikyti sveik\u0105 min\u010di\u0173 ir k\u016bno balans\u0105. Pagaminti naudojant \u0161iuolaikines technologijas, i\u0161 kruop\u0161\u010diai atskirto CBD aliejaus, jie yra nepriekai\u0161tingos kokyb\u0117s ir savo sud\u0117tyje neturi THC.\",\"breadcrumb\":{\"@id\":\"https:\/\/gentletrip.lt\/produktas\/veganiski-guminukai-su-cbd-ekstraktu-2-vnt-rinkinys\/#breadcrumb\"},\"inLanguage\":\"en-US\",\"potentialAction\":[{\"@type\":\"ReadAction\",\"target\":[\"https:\/\/gentletrip.lt\/produktas\/veganiski-guminukai-su-cbd-ekstraktu-2-vnt-rinkinys\/\"]}]},{\"@type\":\"BreadcrumbList\",\"@id\":\"https:\/\/gentletrip.lt\/produktas\/veganiski-guminukai-su-cbd-ekstraktu-2-vnt-rinkinys\/#breadcrumb\",\"itemListElement\":[{\"@type\":\"ListItem\",\"position\":1,\"name\":\"Home\",\"item\":\"https:\/\/gentletrip.lt\/\"},{\"@type\":\"ListItem\",\"position\":2,\"name\":\"Parduotuv\u0117\",\"item\":\"https:\/\/gentletrip.lt\/parduotuve\/\"},{\"@type\":\"ListItem\",\"position\":3,\"name\":\"Vegani\u0161ki guminukai su CBD ekstraktu | 2 vnt. rinkinys\"}]},{\"@type\":\"WebSite\",\"@id\":\"https:\/\/gentletrip.lt\/#website\",\"url\":\"https:\/\/gentletrip.lt\/\",\"name\":\"GentleTrip.lt\",\"description\":\"CBD guminukai\",\"potentialAction\":[{\"@type\":\"SearchAction\",\"target\":{\"@type\":\"EntryPoint\",\"urlTemplate\":\"https:\/\/gentletrip.lt\/?s={search_term_string}\"},\"query-input\":\"required name=search_term_string\"}],\"inLanguage\":\"en-US\"}]}<\/script>\n<!-- \/ Yoast SEO plugin. -->","yoast_head_json":{"title":"Vegani\u0161ki guminukai su CBD ekstraktu | 2 vnt. rinkinys - GentleTrip.lt","description":"Jie atrodo \u012fprastai, ta\u010diau savyje turi ypating\u0173 gali\u0173. Atpalaiduojan\u010diu poveikiu pasi\u017eymintys guminukai mal\u0161ina stres\u0105 bei padeda palaikyti sveik\u0105 min\u010di\u0173 ir k\u016bno balans\u0105. Pagaminti naudojant \u0161iuolaikines technologijas, i\u0161 kruop\u0161\u010diai atskirto CBD aliejaus, jie yra nepriekai\u0161tingos kokyb\u0117s ir savo sud\u0117tyje neturi THC.","robots":{"index":"index","follow":"follow","max-snippet":"max-snippet:-1","max-image-preview":"max-image-preview:large","max-video-preview":"max-video-preview:-1"},"canonical":"https:\/\/gentletrip.lt\/en\/product\/veganiski-guminukai-su-cbd-ekstraktu-2-vnt-rinkinys\/","og_locale":"en_US","og_type":"article","og_title":"Vegani\u0161ki guminukai su CBD ekstraktu | 2 vnt. rinkinys - GentleTrip.lt","og_description":"Jie atrodo \u012fprastai, ta\u010diau savyje turi ypating\u0173 gali\u0173. Atpalaiduojan\u010diu poveikiu pasi\u017eymintys guminukai mal\u0161ina stres\u0105 bei padeda palaikyti sveik\u0105 min\u010di\u0173 ir k\u016bno balans\u0105. Pagaminti naudojant \u0161iuolaikines technologijas, i\u0161 kruop\u0161\u010diai atskirto CBD aliejaus, jie yra nepriekai\u0161tingos kokyb\u0117s ir savo sud\u0117tyje neturi THC.","og_url":"https:\/\/gentletrip.lt\/en\/product\/veganiski-guminukai-su-cbd-ekstraktu-2-vnt-rinkinys\/","og_site_name":"GentleTrip.lt","article_modified_time":"2024-02-21T15:03:21+00:00","og_image":[{"width":2453,"height":2453,"url":"https:\/\/gentletrip.lt\/wp-content\/uploads\/2023\/06\/GentleTrip002-1.jpg","type":"image\/jpeg"}],"twitter_card":"summary_large_image","twitter_misc":{"Est. reading time":"2 minutes"},"schema":{"@context":"https:\/\/schema.org","@graph":[{"@type":"WebPage","@id":"https:\/\/gentletrip.lt\/produktas\/veganiski-guminukai-su-cbd-ekstraktu-2-vnt-rinkinys\/","url":"https:\/\/gentletrip.lt\/produktas\/veganiski-guminukai-su-cbd-ekstraktu-2-vnt-rinkinys\/","name":"Vegani\u0161ki guminukai su CBD ekstraktu | 2 vnt. rinkinys - GentleTrip.lt","isPartOf":{"@id":"https:\/\/gentletrip.lt\/#website"},"datePublished":"2023-06-05T05:35:56+00:00","dateModified":"2024-02-21T15:03:21+00:00","description":"Jie atrodo \u012fprastai, ta\u010diau savyje turi ypating\u0173 gali\u0173. Atpalaiduojan\u010diu poveikiu pasi\u017eymintys guminukai mal\u0161ina stres\u0105 bei padeda palaikyti sveik\u0105 min\u010di\u0173 ir k\u016bno balans\u0105. Pagaminti naudojant \u0161iuolaikines technologijas, i\u0161 kruop\u0161\u010diai atskirto CBD aliejaus, jie yra nepriekai\u0161tingos kokyb\u0117s ir savo sud\u0117tyje neturi THC.","breadcrumb":{"@id":"https:\/\/gentletrip.lt\/produktas\/veganiski-guminukai-su-cbd-ekstraktu-2-vnt-rinkinys\/#breadcrumb"},"inLanguage":"en-US","potentialAction":[{"@type":"ReadAction","target":["https:\/\/gentletrip.lt\/produktas\/veganiski-guminukai-su-cbd-ekstraktu-2-vnt-rinkinys\/"]}]},{"@type":"BreadcrumbList","@id":"https:\/\/gentletrip.lt\/produktas\/veganiski-guminukai-su-cbd-ekstraktu-2-vnt-rinkinys\/#breadcrumb","itemListElement":[{"@type":"ListItem","position":1,"name":"Home","item":"https:\/\/gentletrip.lt\/"},{"@type":"ListItem","position":2,"name":"Parduotuv\u0117","item":"https:\/\/gentletrip.lt\/parduotuve\/"},{"@type":"ListItem","position":3,"name":"Vegani\u0161ki guminukai su CBD ekstraktu | 2 vnt. rinkinys"}]},{"@type":"WebSite","@id":"https:\/\/gentletrip.lt\/#website","url":"https:\/\/gentletrip.lt\/","name":"GentleTrip.lt","description":"CBD guminukai","potentialAction":[{"@type":"SearchAction","target":{"@type":"EntryPoint","urlTemplate":"https:\/\/gentletrip.lt\/?s={search_term_string}"},"query-input":"required name=search_term_string"}],"inLanguage":"en-US"}]}},"jetpack_sharing_enabled":true,"_links":{"self":[{"href":"https:\/\/gentletrip.lt\/en\/wp-json\/wp\/v2\/product\/5939"}],"collection":[{"href":"https:\/\/gentletrip.lt\/en\/wp-json\/wp\/v2\/product"}],"about":[{"href":"https:\/\/gentletrip.lt\/en\/wp-json\/wp\/v2\/types\/product"}],"replies":[{"embeddable":true,"href":"https:\/\/gentletrip.lt\/en\/wp-json\/wp\/v2\/comments?post=5939"}],"wp:featuredmedia":[{"embeddable":true,"href":"https:\/\/gentletrip.lt\/en\/wp-json\/wp\/v2\/media\/6087"}],"wp:attachment":[{"href":"https:\/\/gentletrip.lt\/en\/wp-json\/wp\/v2\/media?parent=5939"}],"wp:term":[{"taxonomy":"product_cat","embeddable":true,"href":"https:\/\/gentletrip.lt\/en\/wp-json\/wp\/v2\/product_cat?post=5939"},{"taxonomy":"product_tag","embeddable":true,"href":"https:\/\/gentletrip.lt\/en\/wp-json\/wp\/v2\/product_tag?post=5939"}],"curies":[{"name":"wp","href":"https:\/\/api.w.org\/{rel}","templated":true}]}}