{"id":5940,"date":"2023-07-06T05:38:29","date_gmt":"2023-07-06T05:38:29","guid":{"rendered":"https:\/\/gentletrip.lt\/?post_type=product&#038;p=5940"},"modified":"2024-02-21T15:02:34","modified_gmt":"2024-02-21T15:02:34","slug":"veganiski-guminukai-su-cbd-ekstraktu-3-vnt-rinkinys","status":"publish","type":"product","link":"https:\/\/gentletrip.lt\/en\/product\/veganiski-guminukai-su-cbd-ekstraktu-3-vnt-rinkinys\/","title":{"rendered":"Vegan fruit gummies with CBD extract | 3 pcs. set"},"content":{"rendered":"<p><span style=\"font-weight: 400;\">Edible CBD products are indispensable for those who don't like the taste of pure CBD oil or the consumption of hemp flowers. This alternative is attractive not only for its taste, but also for its additional, beneficial properties:<\/span><\/p>\n<ul>\n<li style=\"font-weight: 400;\" aria-level=\"1\"><span style=\"font-weight: 400;\">Easy dosing. Each unit of the product contains the same amount of CBD oil, so they do not require calculation and care to use.\u00a0<\/span><\/li>\n<li style=\"font-weight: 400;\" aria-level=\"1\"><span style=\"font-weight: 400;\">Discretion. Because edible CBD products look just like regular food, consuming them in public spaces does not cause stress or discomfort.<\/span><\/li>\n<li style=\"font-weight: 400;\" aria-level=\"1\"><span style=\"font-weight: 400;\">Vegan Friendly. Most edible CBD products are made with gelatine, but plant-based ingredients such as pectin can be substituted. This is how 100% vegan CBD products are born.<\/span><\/li>\n<\/ul>\n<p><b>CBD gummies<\/b><\/p>\n<p><span style=\"font-weight: 400;\">They look ordinary, but have special powers within them. Relaxing and relaxing, these gummies relieve stress and help maintain a healthy balance between mind and body. Made using modern technology from carefully separated CBD oil, they are of impeccable quality and THC-free.<\/span><\/p>","protected":false},"excerpt":{"rendered":"<p><span style=\"font-weight: 400;\">They look ordinary, but have special powers within them. Relaxing and relaxing, these gummies relieve stress and help maintain a healthy balance between mind and body. Made using modern technology from carefully separated CBD oil, they are of impeccable quality and THC-free.<\/span><\/p>","protected":false},"featured_media":6085,"comment_status":"closed","ping_status":"closed","template":"","meta":[],"product_cat":[51],"product_tag":[],"yoast_head":"<!-- This site is optimized with the Yoast SEO plugin v22.1 - https:\/\/yoast.com\/wordpress\/plugins\/seo\/ -->\n<title>Vegani\u0161ki guminukai su CBD ekstraktu | 3 vnt. rinkinys - GentleTrip.lt<\/title>\n<meta name=\"description\" content=\"Jie atrodo \u012fprastai, ta\u010diau savyje turi ypating\u0173 gali\u0173. Atpalaiduojan\u010diu poveikiu pasi\u017eymintys guminukai mal\u0161ina stres\u0105 bei padeda palaikyti sveik\u0105 min\u010di\u0173 ir k\u016bno balans\u0105. Pagaminti naudojant \u0161iuolaikines technologijas, i\u0161 kruop\u0161\u010diai atskirto CBD aliejaus, jie yra nepriekai\u0161tingos kokyb\u0117s ir savo sud\u0117tyje neturi THC.\" \/>\n<meta name=\"robots\" content=\"index, follow, max-snippet:-1, max-image-preview:large, max-video-preview:-1\" \/>\n<link rel=\"canonical\" href=\"https:\/\/gentletrip.lt\/en\/product\/veganiski-guminukai-su-cbd-ekstraktu-3-vnt-rinkinys\/\" \/>\n<meta property=\"og:locale\" content=\"en_US\" \/>\n<meta property=\"og:type\" content=\"article\" \/>\n<meta property=\"og:title\" content=\"Vegani\u0161ki guminukai su CBD ekstraktu | 3 vnt. rinkinys - GentleTrip.lt\" \/>\n<meta property=\"og:description\" content=\"Jie atrodo \u012fprastai, ta\u010diau savyje turi ypating\u0173 gali\u0173. Atpalaiduojan\u010diu poveikiu pasi\u017eymintys guminukai mal\u0161ina stres\u0105 bei padeda palaikyti sveik\u0105 min\u010di\u0173 ir k\u016bno balans\u0105. Pagaminti naudojant \u0161iuolaikines technologijas, i\u0161 kruop\u0161\u010diai atskirto CBD aliejaus, jie yra nepriekai\u0161tingos kokyb\u0117s ir savo sud\u0117tyje neturi THC.\" \/>\n<meta property=\"og:url\" content=\"https:\/\/gentletrip.lt\/en\/product\/veganiski-guminukai-su-cbd-ekstraktu-3-vnt-rinkinys\/\" \/>\n<meta property=\"og:site_name\" content=\"GentleTrip.lt\" \/>\n<meta property=\"article:modified_time\" content=\"2024-02-21T15:02:34+00:00\" \/>\n<meta property=\"og:image\" content=\"https:\/\/gentletrip.lt\/wp-content\/uploads\/2023\/07\/GentleTrip058.jpg\" \/>\n\t<meta property=\"og:image:width\" content=\"2453\" \/>\n\t<meta property=\"og:image:height\" content=\"2453\" \/>\n\t<meta property=\"og:image:type\" content=\"image\/jpeg\" \/>\n<meta name=\"twitter:card\" content=\"summary_large_image\" \/>\n<meta name=\"twitter:label1\" content=\"Est. reading time\" \/>\n\t<meta name=\"twitter:data1\" content=\"1 minute\" \/>\n<script type=\"application\/ld+json\" class=\"yoast-schema-graph\">{\"@context\":\"https:\/\/schema.org\",\"@graph\":[{\"@type\":\"WebPage\",\"@id\":\"https:\/\/gentletrip.lt\/produktas\/veganiski-guminukai-su-cbd-ekstraktu-3-vnt-rinkinys\/\",\"url\":\"https:\/\/gentletrip.lt\/produktas\/veganiski-guminukai-su-cbd-ekstraktu-3-vnt-rinkinys\/\",\"name\":\"Vegani\u0161ki guminukai su CBD ekstraktu | 3 vnt. rinkinys - GentleTrip.lt\",\"isPartOf\":{\"@id\":\"https:\/\/gentletrip.lt\/#website\"},\"datePublished\":\"2023-07-06T05:38:29+00:00\",\"dateModified\":\"2024-02-21T15:02:34+00:00\",\"description\":\"Jie atrodo \u012fprastai, ta\u010diau savyje turi ypating\u0173 gali\u0173. Atpalaiduojan\u010diu poveikiu pasi\u017eymintys guminukai mal\u0161ina stres\u0105 bei padeda palaikyti sveik\u0105 min\u010di\u0173 ir k\u016bno balans\u0105. Pagaminti naudojant \u0161iuolaikines technologijas, i\u0161 kruop\u0161\u010diai atskirto CBD aliejaus, jie yra nepriekai\u0161tingos kokyb\u0117s ir savo sud\u0117tyje neturi THC.\",\"breadcrumb\":{\"@id\":\"https:\/\/gentletrip.lt\/produktas\/veganiski-guminukai-su-cbd-ekstraktu-3-vnt-rinkinys\/#breadcrumb\"},\"inLanguage\":\"en-US\",\"potentialAction\":[{\"@type\":\"ReadAction\",\"target\":[\"https:\/\/gentletrip.lt\/produktas\/veganiski-guminukai-su-cbd-ekstraktu-3-vnt-rinkinys\/\"]}]},{\"@type\":\"BreadcrumbList\",\"@id\":\"https:\/\/gentletrip.lt\/produktas\/veganiski-guminukai-su-cbd-ekstraktu-3-vnt-rinkinys\/#breadcrumb\",\"itemListElement\":[{\"@type\":\"ListItem\",\"position\":1,\"name\":\"Home\",\"item\":\"https:\/\/gentletrip.lt\/\"},{\"@type\":\"ListItem\",\"position\":2,\"name\":\"Parduotuv\u0117\",\"item\":\"https:\/\/gentletrip.lt\/parduotuve\/\"},{\"@type\":\"ListItem\",\"position\":3,\"name\":\"Vegani\u0161ki guminukai su CBD ekstraktu | 3 vnt. rinkinys\"}]},{\"@type\":\"WebSite\",\"@id\":\"https:\/\/gentletrip.lt\/#website\",\"url\":\"https:\/\/gentletrip.lt\/\",\"name\":\"GentleTrip.lt\",\"description\":\"CBD guminukai\",\"potentialAction\":[{\"@type\":\"SearchAction\",\"target\":{\"@type\":\"EntryPoint\",\"urlTemplate\":\"https:\/\/gentletrip.lt\/?s={search_term_string}\"},\"query-input\":\"required name=search_term_string\"}],\"inLanguage\":\"en-US\"}]}<\/script>\n<!-- \/ Yoast SEO plugin. -->","yoast_head_json":{"title":"Vegani\u0161ki guminukai su CBD ekstraktu | 3 vnt. rinkinys - GentleTrip.lt","description":"Jie atrodo \u012fprastai, ta\u010diau savyje turi ypating\u0173 gali\u0173. Atpalaiduojan\u010diu poveikiu pasi\u017eymintys guminukai mal\u0161ina stres\u0105 bei padeda palaikyti sveik\u0105 min\u010di\u0173 ir k\u016bno balans\u0105. Pagaminti naudojant \u0161iuolaikines technologijas, i\u0161 kruop\u0161\u010diai atskirto CBD aliejaus, jie yra nepriekai\u0161tingos kokyb\u0117s ir savo sud\u0117tyje neturi THC.","robots":{"index":"index","follow":"follow","max-snippet":"max-snippet:-1","max-image-preview":"max-image-preview:large","max-video-preview":"max-video-preview:-1"},"canonical":"https:\/\/gentletrip.lt\/en\/product\/veganiski-guminukai-su-cbd-ekstraktu-3-vnt-rinkinys\/","og_locale":"en_US","og_type":"article","og_title":"Vegani\u0161ki guminukai su CBD ekstraktu | 3 vnt. rinkinys - GentleTrip.lt","og_description":"Jie atrodo \u012fprastai, ta\u010diau savyje turi ypating\u0173 gali\u0173. Atpalaiduojan\u010diu poveikiu pasi\u017eymintys guminukai mal\u0161ina stres\u0105 bei padeda palaikyti sveik\u0105 min\u010di\u0173 ir k\u016bno balans\u0105. Pagaminti naudojant \u0161iuolaikines technologijas, i\u0161 kruop\u0161\u010diai atskirto CBD aliejaus, jie yra nepriekai\u0161tingos kokyb\u0117s ir savo sud\u0117tyje neturi THC.","og_url":"https:\/\/gentletrip.lt\/en\/product\/veganiski-guminukai-su-cbd-ekstraktu-3-vnt-rinkinys\/","og_site_name":"GentleTrip.lt","article_modified_time":"2024-02-21T15:02:34+00:00","og_image":[{"width":2453,"height":2453,"url":"https:\/\/gentletrip.lt\/wp-content\/uploads\/2023\/07\/GentleTrip058.jpg","type":"image\/jpeg"}],"twitter_card":"summary_large_image","twitter_misc":{"Est. reading time":"1 minute"},"schema":{"@context":"https:\/\/schema.org","@graph":[{"@type":"WebPage","@id":"https:\/\/gentletrip.lt\/produktas\/veganiski-guminukai-su-cbd-ekstraktu-3-vnt-rinkinys\/","url":"https:\/\/gentletrip.lt\/produktas\/veganiski-guminukai-su-cbd-ekstraktu-3-vnt-rinkinys\/","name":"Vegani\u0161ki guminukai su CBD ekstraktu | 3 vnt. rinkinys - GentleTrip.lt","isPartOf":{"@id":"https:\/\/gentletrip.lt\/#website"},"datePublished":"2023-07-06T05:38:29+00:00","dateModified":"2024-02-21T15:02:34+00:00","description":"Jie atrodo \u012fprastai, ta\u010diau savyje turi ypating\u0173 gali\u0173. Atpalaiduojan\u010diu poveikiu pasi\u017eymintys guminukai mal\u0161ina stres\u0105 bei padeda palaikyti sveik\u0105 min\u010di\u0173 ir k\u016bno balans\u0105. Pagaminti naudojant \u0161iuolaikines technologijas, i\u0161 kruop\u0161\u010diai atskirto CBD aliejaus, jie yra nepriekai\u0161tingos kokyb\u0117s ir savo sud\u0117tyje neturi THC.","breadcrumb":{"@id":"https:\/\/gentletrip.lt\/produktas\/veganiski-guminukai-su-cbd-ekstraktu-3-vnt-rinkinys\/#breadcrumb"},"inLanguage":"en-US","potentialAction":[{"@type":"ReadAction","target":["https:\/\/gentletrip.lt\/produktas\/veganiski-guminukai-su-cbd-ekstraktu-3-vnt-rinkinys\/"]}]},{"@type":"BreadcrumbList","@id":"https:\/\/gentletrip.lt\/produktas\/veganiski-guminukai-su-cbd-ekstraktu-3-vnt-rinkinys\/#breadcrumb","itemListElement":[{"@type":"ListItem","position":1,"name":"Home","item":"https:\/\/gentletrip.lt\/"},{"@type":"ListItem","position":2,"name":"Parduotuv\u0117","item":"https:\/\/gentletrip.lt\/parduotuve\/"},{"@type":"ListItem","position":3,"name":"Vegani\u0161ki guminukai su CBD ekstraktu | 3 vnt. rinkinys"}]},{"@type":"WebSite","@id":"https:\/\/gentletrip.lt\/#website","url":"https:\/\/gentletrip.lt\/","name":"GentleTrip.lt","description":"CBD guminukai","potentialAction":[{"@type":"SearchAction","target":{"@type":"EntryPoint","urlTemplate":"https:\/\/gentletrip.lt\/?s={search_term_string}"},"query-input":"required name=search_term_string"}],"inLanguage":"en-US"}]}},"jetpack_sharing_enabled":true,"_links":{"self":[{"href":"https:\/\/gentletrip.lt\/en\/wp-json\/wp\/v2\/product\/5940"}],"collection":[{"href":"https:\/\/gentletrip.lt\/en\/wp-json\/wp\/v2\/product"}],"about":[{"href":"https:\/\/gentletrip.lt\/en\/wp-json\/wp\/v2\/types\/product"}],"replies":[{"embeddable":true,"href":"https:\/\/gentletrip.lt\/en\/wp-json\/wp\/v2\/comments?post=5940"}],"wp:featuredmedia":[{"embeddable":true,"href":"https:\/\/gentletrip.lt\/en\/wp-json\/wp\/v2\/media\/6085"}],"wp:attachment":[{"href":"https:\/\/gentletrip.lt\/en\/wp-json\/wp\/v2\/media?parent=5940"}],"wp:term":[{"taxonomy":"product_cat","embeddable":true,"href":"https:\/\/gentletrip.lt\/en\/wp-json\/wp\/v2\/product_cat?post=5940"},{"taxonomy":"product_tag","embeddable":true,"href":"https:\/\/gentletrip.lt\/en\/wp-json\/wp\/v2\/product_tag?post=5940"}],"curies":[{"name":"wp","href":"https:\/\/api.w.org\/{rel}","templated":true}]}}